{"id":1064,"date":"2020-07-11T09:37:40","date_gmt":"2020-07-11T09:37:40","guid":{"rendered":"https:\/\/lefromagerdepekin.com\/ZH\/?page_id=1064"},"modified":"2026-01-17T13:10:51","modified_gmt":"2026-01-17T13:10:51","slug":"brizy-1064","status":"publish","type":"page","link":"https:\/\/lefromagerdepekin.com\/ZH\/?page_id=1064","title":{"rendered":"Beijing Grey"},"content":{"rendered":"<div class=\"brz-root__container brz-reset-all\">\n<section id=\"oeuucnsonahogesrguhfwljhotctgguxqdbu\" class=\"brz-section brz-css-qzQ9p brz-css-dqwDN\">\n<div class=\"brz-section__content brz-section--boxed brz-css-uju_D brz-css-abcN_\" data-brz-custom-id=\"mijbrcospwocakuxdyxrciqkaijtmjwgytfx\">\n<div class=\"brz-bg\">\n<div class=\"brz-bg-image\"><\/div>\n<\/div>\n<div class=\"brz-container brz-css-kZpF7\">\n<div id class=\"brz-css-sxyyZ brz-wrapper\">\n<div class=\"brz-rich-text brz-rich-text__custom brz-css-a9cgm\" data-brz-custom-id=\"otmbozmjtnpqtvacbjblcawwfywxioqefvcb\">\n<div data-brz-translate-text=\"1\">\n<h1 class=\"brz-tp-heading1 brz-css-kAeB_\"><span class=\"brz-cp-color8\">\u5317\u4eac\u7070<\/span><\/h1>\n<h1 class=\"brz-tp-heading1 brz-css-o6l7U\"><span class=\"brz-cp-color8\">Beijing Grey<\/span><\/h1>\n<h1 class=\"brz-tp-heading1 brz-css-miHYt\"><span class=\"brz-cp-color8\">Gris de P\u00e9kin <\/span><\/h1>\n<\/div>\n<\/div>\n<\/div>\n<div id class=\"brz-css-sxyyZ brz-css-bO6O6 brz-wrapper\">\n<div class=\"brz-spacer brz-css-pLHLZ\"><\/div>\n<\/div>\n<div id class=\"brz-css-sxyyZ brz-wrapper\">\n<div class=\"brz-rich-text brz-rich-text__custom brz-css-a9cgm\" data-brz-custom-id=\"muwsrwkoapewgyuklreuomcbczisrxklxssz\">\n<div data-brz-translate-text=\"1\">\n<p class=\"brz-tp-paragraph brz-css-xVbfc\"><span class=\"brz-cp-color8\">\u767d\u9709\u8f6f\u8d28\u5976\u916a<\/span><\/p>\n<p class=\"brz-tp-paragraph brz-css-deOcl\"><span class=\"brz-cp-color8\">White-Mould Soft Cheese<\/span><\/p>\n<p class=\"brz-tp-paragraph brz-css-de1HA\"><span class=\"brz-cp-color8\">Fromage \u00e0 p\u00e2te molle et \u00e0 cro\u00fbte fleurie <\/span><\/p>\n<\/div>\n<\/div>\n<\/div>\n<\/div>\n<\/div>\n<\/section>\n<section id=\"sqdpazoonfviiaovfwyilkxmuhmsdkhhxzhp\" class=\"brz-section brz-css-qzQ9p\">\n<div class=\"brz-section__content brz-section--boxed brz-css-uju_D brz-css-qFxXT\" data-brz-custom-id=\"jubpsmgetnqpgplssfrzguehgygujyuwzgcf\">\n<div class=\"brz-container brz-css-kZpF7\">\n<div class=\"brz-row__container brz-css-c6zEr\" data-brz-custom-id=\"glgwryxbuaxwuqvmkaiklnmekekixscameaq\">\n<div class=\"brz-bg\"><\/div>\n<div class=\"brz-row brz-css-oAB1E brz-css-xl658\">\n<div class=\"brz-columns brz-css-sEHrL\" data-brz-custom-id=\"sfnuxabbgjazekakrcvvaroldimzmkokmdhg\">\n<div class=\"brz-bg\"><\/div>\n<div class=\"brz-column__items brz-css-lMZKa\">\n<div class=\"brz-row__container brz-css-c6zEr\" data-brz-custom-id=\"wtwdwtckbumphkdhjpioazwovtzcklnbyqdg\">\n<div class=\"brz-bg\"><\/div>\n<div class=\"brz-row brz-row--inner brz-css-oAB1E\">\n<div class=\"brz-columns brz-css-sEHrL brz-css-yz4UQ\" data-brz-custom-id=\"lsbewwhpshjnykhpydtfafrbwwmeurukzzfn\">\n<div class=\"brz-bg\"><\/div>\n<div class=\"brz-column__items brz-css-lMZKa\">\n<div id class=\"brz-css-sxyyZ brz-wrapper\">\n<div class=\"brz-rich-text brz-rich-text__custom brz-css-a9cgm\" data-brz-custom-id=\"jqhfdmcvnbuiomsxmdlpzgjcfgocqeyssequ\">\n<div data-brz-translate-text=\"1\">\n<p class=\"brz-tp-subtitle brz-text-lg-left brz-css-cW8ds\"><strong class=\"brz-cp-color2\">\u5916\u89c2 \/ Cro\u00fbte \/ Rind <\/strong><\/p>\n<\/div>\n<\/div>\n<\/div>\n<div id class=\"brz-css-sxyyZ brz-css-hvpDK brz-wrapper\">\n<div class=\"brz-line brz-line-default brz-css-szktx\" data-brz-custom-id=\"wjqekkztcivluqibtmwtefdzkshfqouudsuj\">\n<hr class=\"brz-hr\"><\/div>\n<\/div>\n<\/div>\n<\/div>\n<\/div>\n<\/div>\n<div class=\"brz-row__container brz-css-c6zEr\" data-brz-custom-id=\"mydprtuepdocyennhocrvewkoympgqnrvgnz\">\n<div class=\"brz-bg\"><\/div>\n<div class=\"brz-row brz-row--inner brz-css-oAB1E\">\n<div class=\"brz-columns brz-css-sEHrL brz-css-iHXXo\" data-brz-custom-id=\"farplnrdpzkbyvhqodiagedmijxgngnikrll\">\n<div class=\"brz-bg\"><\/div>\n<div class=\"brz-column__items brz-css-lMZKa\">\n<div id class=\"brz-css-sxyyZ brz-wrapper\">\n<div class=\"brz-rich-text brz-rich-text__custom brz-css-a9cgm\" data-brz-custom-id=\"jwvzkwbvfzxgcnsddzshhzcqrpettnxupvuc\">\n<div data-brz-translate-text=\"1\">\n<p class=\"brz-tp-paragraph brz-css-z5a3w\"><span class=\"brz-cp-color7\">\u8868\u9762\u957f\u6709\u767d\u9709\u3002\u968f\u7740\u53d1\u9175\u7a0b\u5ea6\u52a0\u6df1\uff0c\u9709\u83cc\u5448\u73b0\u7070\u8272\u3002<\/span><\/p>\n<\/div>\n<\/div>\n<\/div>\n<div id class=\"brz-css-sxyyZ brz-wrapper\">\n<div class=\"brz-rich-text brz-rich-text__custom brz-css-a9cgm\" data-brz-custom-id=\"zwpshslbksmnrngcnezzypnyyeijuowvqguc\">\n<div data-brz-translate-text=\"1\">\n<p class=\"brz-tp-paragraph brz-css-nHePj\"><span class=\"brz-cp-color7\">White rind with mould which turns  grey when advancedly aged.<\/span><\/p>\n<\/div>\n<\/div>\n<\/div>\n<div id class=\"brz-css-sxyyZ brz-wrapper\">\n<div class=\"brz-rich-text brz-rich-text__custom brz-css-a9cgm\" data-brz-custom-id=\"yqpimjbrhhhhboniwzxtcljaxvzeivhnisof\">\n<div data-brz-translate-text=\"1\">\n<p class=\"brz-tp-paragraph brz-css-biCCL\"><span class=\"brz-cp-color7\">Cro\u00fbte blanche et fleurie qui grisera quand il bien affine.<\/span><\/p>\n<\/div>\n<\/div>\n<\/div>\n<\/div>\n<\/div>\n<\/div>\n<\/div>\n<\/div>\n<\/div>\n<div class=\"brz-columns brz-css-sEHrL\" data-brz-custom-id=\"vclgpzzdoagrrelwjcdtefqxmkgfiquabkdp\">\n<div class=\"brz-bg\"><\/div>\n<div class=\"brz-column__items brz-css-lMZKa\">\n<div id class=\"brz-css-sxyyZ brz-wrapper\">\n<div class=\"brz-image brz-css-stWxT\" data-brz-custom-id=\"nowxuxwbvxxzltogrztdxhpnhapjkxqhrbjr\"><img decoding=\"async\" class=\"brz-img\" src=\"https:\/\/lefromagerdepekin.com\/ZH\/wp-content\/uploads\/brizy\/imgs\/\u5317\u4eac\u7070_thumbnail-555x370x0x0x555x370x1594537631.png\" alt=\"\" loading=\"lazy\"><\/div>\n<\/div>\n<\/div>\n<\/div>\n<\/div>\n<\/div>\n<\/div>\n<\/div>\n<\/section>\n<section id=\"jiosrnieshjfxxavfjhwgmxxghtdniusuwlm\" class=\"brz-section brz-css-qzQ9p\">\n<div class=\"brz-section__content brz-section--boxed brz-css-uju_D brz-css-dJgAD\" data-brz-custom-id=\"obmvfhwyycjaxmomdqpuskxsuzzharwghegn\">\n<div class=\"brz-container brz-css-kZpF7\">\n<div class=\"brz-row__container brz-css-c6zEr\" data-brz-custom-id=\"vdneucvyxadtjveybuvgzbytmvvdwfywdlfc\">\n<div class=\"brz-bg\"><\/div>\n<div class=\"brz-row brz-css-oAB1E brz-css-xl658\">\n<div class=\"brz-columns brz-css-sEHrL\" data-brz-custom-id=\"lzxhycycmuhegihhffsvfxiylbelehjxrzmv\">\n<div class=\"brz-bg\"><\/div>\n<div class=\"brz-column__items brz-css-lMZKa\">\n<div id class=\"brz-css-sxyyZ brz-wrapper\">\n<div class=\"brz-image brz-css-vhSxN\" data-brz-custom-id=\"tswjglnkdtkydarmsvtxwiyxczfimakedhjb\"><img decoding=\"async\" class=\"brz-img\" src=\"https:\/\/lefromagerdepekin.com\/ZH\/wp-content\/uploads\/brizy\/imgs\/\u5c4f\u5e55\u5feb\u7167-2018-03-31-\u4e0b\u53482.11.29_thumbnail-555x371x0x0x555x371x1591193762.png\" alt=\"\" loading=\"lazy\"><\/div>\n<\/div>\n<\/div>\n<\/div>\n<div class=\"brz-columns brz-css-sEHrL\" data-brz-custom-id=\"wzvhbdggrvhqvdqgmydmukokfcfuxwiuxdlo\">\n<div class=\"brz-bg\"><\/div>\n<div class=\"brz-column__items brz-css-lMZKa\">\n<div class=\"brz-row__container brz-css-c6zEr\" data-brz-custom-id=\"kfcoiggcwzjmjgtpzhmzejtkzgojhqclluub\">\n<div class=\"brz-bg\"><\/div>\n<div class=\"brz-row brz-row--inner brz-css-oAB1E\">\n<div class=\"brz-columns brz-css-sEHrL brz-css-eylqZ\" data-brz-custom-id=\"zxhuxmkbmkubisfnofbwafnwhgdrcmlqphhg\">\n<div class=\"brz-bg\"><\/div>\n<div class=\"brz-column__items brz-css-lMZKa\">\n<div id class=\"brz-css-sxyyZ brz-wrapper\">\n<div class=\"brz-rich-text brz-rich-text__custom brz-css-a9cgm\" data-brz-custom-id=\"fdkaigjkckjclbbjryuqzivwzjlamgcnaxtp\">\n<div data-brz-translate-text=\"1\">\n<p class=\"brz-text-lg-left brz-tp-subtitle brz-css-ruKWl\"><strong class=\"brz-cp-color2\">\u8d28\u5730 \/ P\u00e2te \/ Texture <\/strong><\/p>\n<\/div>\n<\/div>\n<\/div>\n<div id class=\"brz-css-sxyyZ brz-css-qyV3a brz-wrapper\">\n<div class=\"brz-line brz-line-default brz-css-szktx\" data-brz-custom-id=\"hsydifcbgiovsomsynhopflneobhviaehvlx\">\n<hr class=\"brz-hr\"><\/div>\n<\/div>\n<\/div>\n<\/div>\n<\/div>\n<\/div>\n<div class=\"brz-row__container brz-css-c6zEr\" data-brz-custom-id=\"fsbhfgeyybyisczoafjbpyuhozwinrpfmbaq\">\n<div class=\"brz-bg\"><\/div>\n<div class=\"brz-row brz-row--inner brz-css-oAB1E\">\n<div class=\"brz-columns brz-css-sEHrL brz-css-lU9GK\" data-brz-custom-id=\"airvmwfimqogyouaoohvkcjtsipaefvjtblg\">\n<div class=\"brz-bg\"><\/div>\n<div class=\"brz-column__items brz-css-lMZKa\">\n<div id class=\"brz-css-sxyyZ brz-wrapper\">\n<div class=\"brz-rich-text brz-rich-text__custom brz-css-a9cgm\" data-brz-custom-id=\"jkxcwzwuivepllyipktbkqhrxxxfgcwtnyyc\">\n<div data-brz-translate-text=\"1\">\n<p class=\"brz-tp-paragraph brz-css-sscFX\"><span class=\"brz-cp-color7\"> \u8d28\u5730\u67d4\u8f6f\u4f46\u4fdd\u6709\u4e00\u5b9a\u7d27\u5b9e\u5ea6\u3002\u53d1\u9175\u6210\u719f\u7684\u5317\u4eac\u7070\u5e38\u6e29\u4e0b\u4f1a\u5448\u6d41\u8d28\u3002<\/span><\/p>\n<\/div>\n<\/div>\n<\/div>\n<div id class=\"brz-css-sxyyZ brz-wrapper\">\n<div class=\"brz-rich-text brz-rich-text__custom brz-css-a9cgm\" data-brz-custom-id=\"eevjvizdiyfafnaqwoqivhiuhfccawhzgkjz\">\n<div data-brz-translate-text=\"1\">\n<p class=\"brz-tp-paragraph brz-css-ueTmT\"><span class=\"brz-cp-color7\"> <\/span><\/p>\n<\/div>\n<\/div>\n<\/div>\n<\/div>\n<\/div>\n<\/div>\n<\/div>\n<\/div>\n<\/div>\n<\/div>\n<\/div>\n<\/div>\n<\/div>\n<\/section>\n<section id=\"fugdoajfzgwmnsoskidupkmcvcgyvrocmvhc\" class=\"brz-section brz-css-qzQ9p\">\n<div class=\"brz-section__content brz-section--boxed brz-css-uju_D brz-css-d74Kh\" data-brz-custom-id=\"gdkiqzccedffuyixcvxasqcufsdynbxmvrax\">\n<div class=\"brz-container brz-css-kZpF7\">\n<div class=\"brz-row__container brz-css-c6zEr\" data-brz-custom-id=\"hjgkhrrbqqzhysqfkjhurmddvyeetiqgtuph\">\n<div class=\"brz-bg\"><\/div>\n<div class=\"brz-row brz-css-oAB1E brz-css-xl658\">\n<div class=\"brz-columns brz-css-sEHrL\" data-brz-custom-id=\"kpxkudsqsacrxmlihumkcddbmtnliuwiidkz\">\n<div class=\"brz-bg\"><\/div>\n<div class=\"brz-column__items brz-css-lMZKa\">\n<div class=\"brz-row__container brz-css-c6zEr\" data-brz-custom-id=\"jveudqotoqjvqilxqzxrgmxpythnsaouhadd\">\n<div class=\"brz-bg\"><\/div>\n<div class=\"brz-row brz-row--inner brz-css-oAB1E\">\n<div class=\"brz-columns brz-css-sEHrL brz-css-t5av8\" data-brz-custom-id=\"ludlaqnmhhxspctugdkxfimiizvecmigaxjq\">\n<div class=\"brz-bg\"><\/div>\n<div class=\"brz-column__items brz-css-lMZKa\">\n<div id class=\"brz-css-sxyyZ brz-wrapper\">\n<div class=\"brz-rich-text brz-rich-text__custom brz-css-a9cgm\" data-brz-custom-id=\"ioatagqljjwfwhvcqvsziimtxksmztijnrvv\">\n<div data-brz-translate-text=\"1\">\n<p class=\"brz-text-lg-left brz-tp-subtitle brz-css-fo3Ft\"><strong class=\"brz-cp-color2\">\u98ce\u5473 \/ Saveur \/ Flavor<\/strong><\/p>\n<\/div>\n<\/div>\n<\/div>\n<div id class=\"brz-css-sxyyZ brz-css-zqjHF brz-wrapper\">\n<div class=\"brz-line brz-line-default brz-css-szktx\" data-brz-custom-id=\"crocswbyigfkhogqwlnqmxtqmmbkgmtfxxls\">\n<hr class=\"brz-hr\"><\/div>\n<\/div>\n<\/div>\n<\/div>\n<\/div>\n<\/div>\n<div class=\"brz-row__container brz-css-c6zEr\" data-brz-custom-id=\"czjtyykkzidpfwkptvoeecsgwtxlpkecqwdx\">\n<div class=\"brz-bg\"><\/div>\n<div class=\"brz-row brz-row--inner brz-css-oAB1E\">\n<div class=\"brz-columns brz-css-sEHrL brz-css-qN4vU\" data-brz-custom-id=\"wcjbkbkpizmzifvnjkkfhrbrwhcaxisrkzcw\">\n<div class=\"brz-bg\"><\/div>\n<div class=\"brz-column__items brz-css-lMZKa\">\n<div id class=\"brz-css-sxyyZ brz-wrapper\">\n<div class=\"brz-rich-text brz-rich-text__custom brz-css-a9cgm\" data-brz-custom-id=\"vtotfshjhhizcfexsilcikvfdzzpawmkjxoc\">\n<div data-brz-translate-text=\"1\">\n<p class=\"brz-tp-paragraph brz-css-zjVml\"><span class=\"brz-cp-color7\"> <\/span><\/p>\n<\/div>\n<\/div>\n<\/div>\n<div id class=\"brz-css-sxyyZ brz-wrapper\">\n<div class=\"brz-rich-text brz-rich-text__custom brz-css-a9cgm\" data-brz-custom-id=\"tqawfeirtzkvyfnpofdgqihfsarczzqvsnyw\">\n<div data-brz-translate-text=\"1\">\n<p class=\"brz-tp-paragraph brz-css-cQViD\"><span class=\"brz-cp-color7\"> <\/span><\/p>\n<\/div>\n<\/div>\n<\/div>\n<div id class=\"brz-css-sxyyZ brz-wrapper\">\n<div class=\"brz-rich-text brz-rich-text__custom brz-css-a9cgm\" data-brz-custom-id=\"cfgoklmwimneroehckmpxkxsnlxdmxieldvv\">\n<div data-brz-translate-text=\"1\">\n<p class=\"brz-tp-paragraph brz-css-qmz5n\"><span class=\"brz-cp-color7\"> <\/span><\/p>\n<\/div>\n<\/div>\n<\/div>\n<\/div>\n<\/div>\n<\/div>\n<\/div>\n<\/div>\n<\/div>\n<div class=\"brz-columns brz-css-sEHrL\" data-brz-custom-id=\"fjeojiqwngjybbzzvgzhzjfgobrqwvwrocry\">\n<div class=\"brz-bg\"><\/div>\n<div class=\"brz-column__items brz-css-lMZKa\">\n<div id class=\"brz-css-sxyyZ brz-wrapper\">\n<div class=\"brz-image brz-css-rOgIE\" data-brz-custom-id=\"ycdhylgfcvyqyugomgqdiifbrviskmvdclge\">\n<div class=\"brz-picture brz-d-block brz-p-relative brz-css-oWzZh\">\n<div class=\"brz-shortcode__placeholder\"><\/div>\n<\/div>\n<\/div>\n<\/div>\n<\/div>\n<\/div>\n<\/div>\n<\/div>\n<\/div>\n<\/div>\n<\/section>\n<section id=\"vfqwaibteajpzmacllaolieitnjlflaxoksb\" class=\"brz-section brz-css-qzQ9p\">\n<div class=\"brz-section__content brz-section--boxed brz-css-uju_D brz-css-yXnoM\" data-brz-custom-id=\"epofcswvevrlfbxfpegdrguuiwfckuafhaso\">\n<div class=\"brz-container brz-css-kZpF7\">\n<div class=\"brz-row__container brz-css-c6zEr\" data-brz-custom-id=\"uyskeleelmtmywihfnvbwbayrfbhjjblucrx\">\n<div class=\"brz-bg\"><\/div>\n<div class=\"brz-row brz-css-oAB1E brz-css-xl658\">\n<div class=\"brz-columns brz-css-sEHrL\" data-brz-custom-id=\"tapbawlufkhxkwkggsfrfbpxgtciernupyfs\">\n<div class=\"brz-bg\"><\/div>\n<div class=\"brz-column__items brz-css-lMZKa\">\n<div id class=\"brz-css-sxyyZ brz-wrapper\">\n<div class=\"brz-image brz-css-pO8ca\" data-brz-custom-id=\"dlddrileikjezeypemtphhlngqqzpbuznohn\"><img decoding=\"async\" class=\"brz-img\" src=\"https:\/\/lefromagerdepekin.com\/ZH\/wp-content\/uploads\/brizy\/imgs\/cheese-1961530_1920_thumbnail-555x370x0x0x555x370x1594887510.jpg\" alt=\"\" loading=\"lazy\"><\/div>\n<\/div>\n<\/div>\n<\/div>\n<div class=\"brz-columns brz-css-sEHrL\" data-brz-custom-id=\"urxpigbylwqwmmgfudioijpctambhodxfhcw\">\n<div class=\"brz-bg\"><\/div>\n<div class=\"brz-column__items brz-css-lMZKa\">\n<div class=\"brz-row__container brz-css-c6zEr\" data-brz-custom-id=\"sdthpldszgdakflohgphqjkvgnylgyfqycuz\">\n<div class=\"brz-bg\"><\/div>\n<div class=\"brz-row brz-row--inner brz-css-oAB1E\">\n<div class=\"brz-columns brz-css-sEHrL brz-css-dkENz\" data-brz-custom-id=\"rcexxyogiortznqikmhmxldfuqhntudfssym\">\n<div class=\"brz-bg\"><\/div>\n<div class=\"brz-column__items brz-css-lMZKa\">\n<div id class=\"brz-css-sxyyZ brz-wrapper\">\n<div class=\"brz-rich-text brz-rich-text__custom brz-css-a9cgm\" data-brz-custom-id=\"rgjjlfyogomnpuitggviqppgveinxfavytnn\">\n<div data-brz-translate-text=\"1\">\n<p class=\"brz-tp-subtitle brz-text-lg-left brz-css-wbUL4\"><strong class=\"brz-cp-color2\">\u54c1\u9274 \/ D\u00e9gustation \/ Tasting <\/strong><\/p>\n<\/div>\n<\/div>\n<\/div>\n<div id class=\"brz-css-sxyyZ brz-css-c1ACG brz-wrapper\">\n<div class=\"brz-line brz-line-default brz-css-szktx\" data-brz-custom-id=\"xqtmrtimyqxzncjopbbfkvymxzuyeialuzvd\">\n<hr class=\"brz-hr\"><\/div>\n<\/div>\n<\/div>\n<\/div>\n<\/div>\n<\/div>\n<div class=\"brz-row__container brz-css-c6zEr\" data-brz-custom-id=\"alllhcdksjjysvwwfswgamtvlbjkeixwqasz\">\n<div class=\"brz-bg\"><\/div>\n<div class=\"brz-row brz-row--inner brz-css-oAB1E\">\n<div class=\"brz-columns brz-css-sEHrL brz-css-jt1D5\" data-brz-custom-id=\"xcijovlgzyklfubznvsmvqauivaozbdeuwhe\">\n<div class=\"brz-bg\"><\/div>\n<div class=\"brz-column__items brz-css-lMZKa\">\n<div id class=\"brz-css-sxyyZ brz-wrapper\">\n<div class=\"brz-rich-text brz-rich-text__custom brz-css-a9cgm\" data-brz-custom-id=\"sigbxyyjaniofdcmmhlreeibjdpqyydhpfrx\">\n<div data-brz-translate-text=\"1\">\n<p class=\"brz-tp-paragraph brz-css-fIeF0\"><span class=\"brz-cp-color7\">\u914d\u9152\u5efa\u8bae\uff1a <\/span><\/p>\n<\/div>\n<\/div>\n<\/div>\n<div id class=\"brz-css-sxyyZ brz-wrapper\">\n<div class=\"brz-rich-text brz-rich-text__custom brz-css-a9cgm\" data-brz-custom-id=\"wartmfhlmayxbfvfhduchuwenxdtlafsxbue\">\n<div data-brz-translate-text=\"1\">\n<p class=\"brz-tp-paragraph brz-css-zCOy9\"><span class=\"brz-cp-color7\"> <\/span><\/p>\n<\/div>\n<\/div>\n<\/div>\n<\/div>\n<\/div>\n<\/div>\n<\/div>\n<\/div>\n<\/div>\n<\/div>\n<\/div>\n<\/div>\n<\/div>\n<\/section>\n<section id=\"zwmryxpxpjmbqvchwaluxqdlvevnxdlpnvnj\" class=\"brz-section brz-css-qzQ9p\">\n<div class=\"brz-section__content brz-section--boxed brz-css-uju_D brz-css-pcmB7\" data-brz-custom-id=\"cykbkylervaodwivdfsstwlvrenypavwyegl\">\n<div class=\"brz-container brz-css-kZpF7\">\n<div id class=\"brz-css-sxyyZ brz-wrapper\">\n<div class=\"brz-line brz-line-default brz-css-szktx\" data-brz-custom-id=\"kgxlecljtpoiixrosqsqgzfbuctcxjuqnkxd\">\n<hr class=\"brz-hr\"><\/div>\n<\/div>\n<div id class=\"brz-css-sxyyZ brz-wrapper\">\n<div class=\"brz-rich-text brz-rich-text__custom brz-css-a9cgm\" data-brz-custom-id=\"wwlisjnfmzynoctbsmevqxrmqoacabqehmpr\">\n<div data-brz-translate-text=\"1\">\n<p class=\"brz-text-lg-center brz-tp-subtitle brz-css-yMglF\"><strong class=\"brz-cp-color2\">\u8be6\u60c5 \/ Sp\u00e9cification \/Specifications <\/strong><\/p>\n<\/div>\n<\/div>\n<\/div>\n<div class=\"brz-row__container brz-css-c6zEr\" data-brz-custom-id=\"zbiltcmnznnprbqhbbgomffnsojhksqhcigr\">\n<div class=\"brz-bg\"><\/div>\n<div class=\"brz-row brz-css-oAB1E brz-css-xl658\">\n<div class=\"brz-columns brz-css-sEHrL brz-css-zbjRM\" data-brz-custom-id=\"lldopzjmxhplgsyskivrrwlcmqchiibnhafq\">\n<div class=\"brz-bg\"><\/div>\n<div class=\"brz-column__items brz-css-lMZKa\">\n<div id class=\"brz-css-sxyyZ brz-wrapper\">\n<div class=\"brz-rich-text brz-rich-text__custom brz-css-a9cgm\" data-brz-custom-id=\"modhzlioviubqjprtsitjkohypzqrkslxvmu\">\n<div data-brz-translate-text=\"1\">\n<p class=\"brz-tp-paragraph brz-css-xFRCF\"><span class=\"brz-cp-color7\">\u5976\u916a\u540d\u79f0\uff1a\u5317\u4eac\u7070<\/span><\/p>\n<p class=\"brz-tp-paragraph brz-css-zLf9_\"><span class=\"brz-cp-color7\">\u5976\u916a\u7c7b\u578b\uff1a\u767d\u9709\u3001\u8f6f\u8d28<\/span><\/p>\n<p class=\"brz-tp-paragraph brz-css-h95xN\"><span class=\"brz-cp-color7\">\u8d28\u91cf\uff1a120\u514b<\/span><\/p>\n<p class=\"brz-tp-paragraph brz-css-yDbiT\"><span class=\"brz-cp-color7\">\u539f\u6599\uff1a\u725b\u5976\u3001\u4e73\u9178\u83cc\u3001\u51dd\u4e73\u9176\u3001\u9709\u83cc\u3001\u76d0<\/span><\/p>\n<p class=\"brz-tp-paragraph brz-css-w9tpU\"><span class=\"brz-cp-color7\">\u53d1\u9175\u671f\uff1a3 &#8211; 4\u5468<\/span><\/p>\n<p class=\"brz-tp-paragraph brz-css-qx90g\"><span class=\"brz-cp-color7\">\u4fdd\u8d28\u671f\uff1a 0 &#8211; 4\u00b0C\u51b7\u85cf\u53ef\u4fdd\u5b5830\u5929<\/span><\/p>\n<\/div>\n<\/div>\n<\/div>\n<\/div>\n<\/div>\n<div class=\"brz-columns brz-css-sEHrL brz-css-vC4l5\" data-brz-custom-id=\"fwxollidqzsxzydfsjqxggnwircivcowgbjz\">\n<div class=\"brz-bg\"><\/div>\n<div class=\"brz-column__items brz-css-lMZKa\">\n<div id class=\"brz-css-sxyyZ brz-css-siaRd brz-wrapper\">\n<div class=\"brz-rich-text brz-rich-text__custom brz-css-a9cgm\" data-brz-custom-id=\"ojsigogeeaqiuhilgevguhtjmuzghqlfulvg\">\n<div data-brz-translate-text=\"1\">\n<p class=\"brz-tp-paragraph brz-css-aWnv4\"><span class=\"brz-cp-color7\">Nom : Gris de P\u00e9kin<\/span><\/p>\n<p class=\"brz-tp-paragraph brz-css-nl80I\"><span class=\"brz-cp-color7\">Type : \u00e0 p\u00e2te molle et \u00e0 cro\u00fbte fleurie<\/span><\/p>\n<p class=\"brz-tp-paragraph brz-css-ttR2m\"><span class=\"brz-cp-color7\">Poids : 120 grammes<\/span><\/p>\n<p class=\"brz-tp-paragraph brz-css-oxAGP\"><span class=\"brz-cp-color7\">Ingr\u00e9dients : lait de vache,<\/span><\/p>\n<p class=\"brz-tp-paragraph brz-css-nriRE\"><span class=\"brz-cp-color7\">Affinage : 3 &#8211; 4 semaines<\/span><\/p>\n<p class=\"brz-tp-paragraph brz-css-eV6qV\"><span class=\"brz-cp-color7\"> Pr\u00e9servation : 30 jours dans le r\u00e9frig\u00e9rateur<\/span><\/p>\n<\/div>\n<\/div>\n<\/div>\n<\/div>\n<\/div>\n<div class=\"brz-columns brz-css-sEHrL brz-css-o55Bz\" data-brz-custom-id=\"ntqsjafdvlqqtotbdtogkejgembuvyzbvwqe\">\n<div class=\"brz-bg\"><\/div>\n<div class=\"brz-column__items brz-css-lMZKa\">\n<div id class=\"brz-css-sxyyZ brz-wrapper\">\n<div class=\"brz-rich-text brz-rich-text__custom brz-css-a9cgm\" data-brz-custom-id=\"zgemkjvfnvsoqzcphxkebbgcpdlhyoxosnqg\">\n<div data-brz-translate-text=\"1\">\n<p class=\"brz-tp-paragraph brz-css-q9hn1\"><span class=\"brz-cp-color7\">Name: Beijing Grey<\/span><\/p>\n<p class=\"brz-tp-paragraph brz-css-qPz_Z\"><span class=\"brz-cp-color7\">Type: White-mould, soft<\/span><\/p>\n<p class=\"brz-tp-paragraph brz-css-oU1Jo\"><span class=\"brz-cp-color7\">Weight: 120 grams<\/span><\/p>\n<p class=\"brz-tp-paragraph brz-css-nXOQ2\"><span class=\"brz-cp-color7\">Ingredients: cow&#8217;<\/span><\/p>\n<p class=\"brz-tp-paragraph brz-css-k5ECY\"><span class=\"brz-cp-color7\">Aging: 3 <\/span><\/p>\n<p class=\"brz-tp-paragraph brz-css-y4Kp8\"><span class=\"brz-cp-color7\">Preservation: 30 days in the refrigerator at 0 &#8211; 4 \u00b0C<\/span><\/p>\n<\/div>\n<\/div>\n<\/div>\n<\/div>\n<\/div>\n<\/div>\n<\/div>\n<\/div>\n<\/div>\n<\/section>\n<section id=\"dtamdpkeatemgewihmbtfmndolwqeznkckex\" class=\"brz-section brz-css-qzQ9p\">\n<div class=\"brz-section__content brz-section--boxed brz-css-uju_D brz-css-yAVJ2\" data-brz-custom-id=\"hfnkybklwgfzepghzgefalkcglsbgqmonluu\">\n<div class=\"brz-container brz-css-kZpF7\">\n<div id class=\"brz-css-sxyyZ brz-wrapper\">\n<div class=\"brz-embed-code brz-css-cAdX1\" data-brz-custom-id=\"fviolwlrfcemzqbognzkdiypurlxoswveaov\">\n<div class=\"brz-embed-content\">\n<div>\n<table border=\"1\">\n<caption>\u8425\u517b\u6210\u5206\u8868 \/ Valeur Nutritive \/ Nutrition Facts<\/caption>\n<tr>\n<th>\u9879\u76ee \/ Nom \/ Name<\/th>\n<th>\u6bcf100\u514b\uff08g\uff09 \/ Pour 100g \/ Per 100g<\/th>\n<th>NRV%<\/th>\n<\/tr>\n<tr>\n<td>\u80fd\u91cf \/ Calories \/ Calories<\/td>\n<td>1160\u5343\u7126\uff08kJ\uff09<\/td>\n<td>14%<\/td>\n<\/tr>\n<tr>\n<td>\u86cb\u767d\u8d28 \/ Prot\u00e9ines \/ Protein<\/td>\n<td>19.1\u514b\uff08g\uff09<\/td>\n<td>32%<\/td>\n<\/tr>\n<tr>\n<td>\u8102\u80aa \/ Lipides \/ Fat<\/td>\n<td>22.5\u514b\uff08g\uff09<\/td>\n<td>38%<\/td>\n<\/tr>\n<tr>\n<td>\u78b3\u6c34\u5316\u5408\u7269 \/ Glucide \/ Carbohydrate<\/td>\n<td>0\u514b\uff08g\uff09<\/td>\n<td>0%<\/td>\n<\/tr>\n<tr>\n<td>\u94a0 \/ Sodium \/ Sodium<\/td>\n<td>579\u8c6a\u514b\uff08mg\uff09<\/td>\n<td>29%<\/td>\n<\/tr>\n<tr>\n<td>\u9499 \/ Calcium \/ Calcium<\/td>\n<td>449\u8c6a\u514b\uff08mg\uff09<\/td>\n<td>56%<\/td>\n<\/tr>\n<tr>\n<td colspan=\"3\">\n\t\t\t\t\u672c\u8868\u6570\u636e\u6765\u81ea\u6cd5\u56fd\u56fd\u5bb6\u98df\u54c1\u3001\u73af\u5883\u53ca\u52b3\u52a8\u536b\u751f\u7f72\uff08ANSES\uff09\u6240\u6536\u96c6\u7684\u548c\u5317\u4eac\u7070\u540c\u4e00\u7c7b\u578b\u7684\u5976\u916a\u6570\u636e\uff0c\u4ec5\u4f9b\u53c2\u8003\u3002NRV\u6307\u8425\u517b\u7d20\u53c2\u8003\u503c\uff0c\u6570\u503c\u4f9d\u636e\u4e2d\u56fd\u56fd\u6807\u8ba1\u7b97\u5f97\u51fa\u3002<\/p>\n<p>\t\t\t\tLes donn\u00e9s sont de fromages de m\u00eame type que Gris de P\u00e9kin, collect\u00e9es par l&#8217;ANSES, fournissant uniquement \u00e0 titre de r\u00e9f\u00e9rence. NRV signifie Valeur nutritionnelle de r\u00e9f\u00e9rence dont les valeurs sont calcul\u00e9es selon la norme nationale chinoise.<\/p>\n<p>\t\t\t\tThe data are from cheeses of the same type as Beijing Grey, collected by ANSES, providing only for reference. NRV stands for Nutrient Reference Values, the values of which are calculated according to the Chinese national standard.\n\t\t\t<\/td>\n<\/tr>\n<\/table>\n<\/div>\n<\/div>\n<\/div>\n<\/div>\n<\/div>\n<\/div>\n<\/section>\n<section id=\"xtyfpwkpvjarxctaochpeauenpgvkiqcencl\" class=\"brz-section brz-css-qzQ9p\">\n<div class=\"brz-section__content brz-section--fullWidth brz-css-uju_D brz-css-mFzCG\" data-brz-custom-id=\"ixekmrbkoawxuotveniydcltlhijyiffqqcy\">\n<div class=\"brz-bg\">\n<div class=\"brz-bg-color\"><\/div>\n<\/div>\n<div class=\"brz-container brz-css-kZpF7 brz-css-keXF3\">\n<div id class=\"brz-css-sxyyZ brz-wrapper\">\n<div class=\"brz-rich-text brz-rich-text__custom brz-css-a9cgm\" data-brz-custom-id=\"uqvklcdbkpgtjclofvckigmxdllhzuuefczf\">\n<div data-brz-translate-text=\"1\">\n<p class=\"brz-tp-paragraph brz-bcp-color8 brz-text-lg-center brz-css-jgree\"><span class=\"brz-cp-color8\">Copyright\u00a9\ufe0f2020 \u5317\u4eac\u5976\u916a\u5320\u9910\u996e\u7ba1\u7406\u6709\u9650\u516c\u53f8<\/span><\/p>\n<p class=\"brz-tp-paragraph brz-bcp-color8 brz-text-lg-center brz-css-ksQ3O\"><span class=\"brz-cp-color8\">ICP\u5907\u6848\u53f7\uff1a<\/span><a class=\"brz-cp-color8 link--external\" href=\"http:\/\/www.beian.miit.gov.cn\/\" data-brz-link-type=\"external\" target=\"_blank\" rel=\"noopener\">\u4eacICP\u590720002264\u53f7 <\/a><\/p>\n<\/div>\n<\/div>\n<\/div>\n<\/div>\n<\/div>\n<\/section>\n<\/div>\n<p>    <!-- version:1768655451 --><\/p>\n","protected":false},"excerpt":{"rendered":"<p>\u5317\u4eac\u7070 Beijing Grey Gris de P\u00e9kin \u767d\u9709\u8f6f\u8d28\u5976\u916a White-Mould Soft  [&hellip;]<\/p>\n","protected":false},"author":1,"featured_media":0,"parent":0,"menu_order":0,"comment_status":"closed","ping_status":"closed","template":"brizy-blank-template.php","meta":{"footnotes":""},"_links":{"self":[{"href":"https:\/\/lefromagerdepekin.com\/ZH\/index.php?rest_route=\/wp\/v2\/pages\/1064"}],"collection":[{"href":"https:\/\/lefromagerdepekin.com\/ZH\/index.php?rest_route=\/wp\/v2\/pages"}],"about":[{"href":"https:\/\/lefromagerdepekin.com\/ZH\/index.php?rest_route=\/wp\/v2\/types\/page"}],"author":[{"embeddable":true,"href":"https:\/\/lefromagerdepekin.com\/ZH\/index.php?rest_route=\/wp\/v2\/users\/1"}],"replies":[{"embeddable":true,"href":"https:\/\/lefromagerdepekin.com\/ZH\/index.php?rest_route=%2Fwp%2Fv2%2Fcomments&post=1064"}],"version-history":[{"count":30,"href":"https:\/\/lefromagerdepekin.com\/ZH\/index.php?rest_route=\/wp\/v2\/pages\/1064\/revisions"}],"predecessor-version":[{"id":1720,"href":"https:\/\/lefromagerdepekin.com\/ZH\/index.php?rest_route=\/wp\/v2\/pages\/1064\/revisions\/1720"}],"wp:attachment":[{"href":"https:\/\/lefromagerdepekin.com\/ZH\/index.php?rest_route=%2Fwp%2Fv2%2Fmedia&parent=1064"}],"curies":[{"name":"wp","href":"https:\/\/api.w.org\/{rel}","templated":true}]}}